{"id":130,"date":"2019-03-02T08:11:32","date_gmt":"2019-03-02T08:11:32","guid":{"rendered":"http:\/\/privateaviationconsulting.com\/?page_id=130"},"modified":"2019-04-01T19:41:07","modified_gmt":"2019-04-01T23:41:07","slug":"para-propietarios-internacionales","status":"publish","type":"page","link":"https:\/\/privateaviationconsulting.com\/es\/para-propietarios-internacionales\/","title":{"rendered":"PARA PROPIETARIOS INTERNACIONALES"},"content":{"rendered":"\t\t<div data-elementor-type=\"wp-post\" data-elementor-id=\"130\" class=\"elementor elementor-130 elementor-bc-flex-widget\">\n\t\t\t\t\t\t<section class=\"elementor-section elementor-top-section elementor-element elementor-element-762cc87 elementor-section-stretched elementor-section-boxed elementor-section-height-default elementor-section-height-default\" data-id=\"762cc87\" data-element_type=\"section\" data-e-type=\"section\" data-settings=\"{&quot;stretch_section&quot;:&quot;section-stretched&quot;}\">\n\t\t\t\t\t\t<div class=\"elementor-container elementor-column-gap-default\">\n\t\t\t\t\t<div class=\"elementor-column elementor-col-100 elementor-top-column elementor-element elementor-element-fda1726\" data-id=\"fda1726\" data-element_type=\"column\" data-e-type=\"column\">\n\t\t\t<div class=\"elementor-widget-wrap elementor-element-populated\">\n\t\t\t\t\t\t<div class=\"elementor-element elementor-element-4908268 elementor-widget elementor-widget-image\" data-id=\"4908268\" data-element_type=\"widget\" data-e-type=\"widget\" data-widget_type=\"image.default\">\n\t\t\t\t<div class=\"elementor-widget-container\">\n\t\t\t\t\t\t\t\t\t\t\t\t\t\t\t<img fetchpriority=\"high\" decoding=\"async\" width=\"1126\" height=\"363\" src=\"https:\/\/privateaviationconsulting.com\/wp-content\/uploads\/2019\/03\/Private-Jet-Services-for-International-Owners.jpg\" class=\"attachment-full size-full wp-image-131\" alt=\"\" srcset=\"https:\/\/privateaviationconsulting.com\/wp-content\/uploads\/2019\/03\/Private-Jet-Services-for-International-Owners.jpg 1126w, https:\/\/privateaviationconsulting.com\/wp-content\/uploads\/2019\/03\/Private-Jet-Services-for-International-Owners-300x97.jpg 300w, https:\/\/privateaviationconsulting.com\/wp-content\/uploads\/2019\/03\/Private-Jet-Services-for-International-Owners-768x248.jpg 768w, https:\/\/privateaviationconsulting.com\/wp-content\/uploads\/2019\/03\/Private-Jet-Services-for-International-Owners-1024x330.jpg 1024w\" sizes=\"(max-width: 1126px) 100vw, 1126px\" \/>\t\t\t\t\t\t\t\t\t\t\t\t\t\t\t<\/div>\n\t\t\t\t<\/div>\n\t\t\t\t\t<\/div>\n\t\t<\/div>\n\t\t\t\t\t<\/div>\n\t\t<\/section>\n\t\t\t\t<section class=\"elementor-section elementor-top-section elementor-element elementor-element-ecdfe3b elementor-section-stretched elementor-section-boxed elementor-section-height-default elementor-section-height-default\" data-id=\"ecdfe3b\" data-element_type=\"section\" data-e-type=\"section\" data-settings=\"{&quot;stretch_section&quot;:&quot;section-stretched&quot;}\">\n\t\t\t\t\t\t<div class=\"elementor-container elementor-column-gap-default\">\n\t\t\t\t\t<div class=\"elementor-column elementor-col-100 elementor-top-column elementor-element elementor-element-affdd68\" data-id=\"affdd68\" data-element_type=\"column\" data-e-type=\"column\">\n\t\t\t<div class=\"elementor-widget-wrap elementor-element-populated\">\n\t\t\t\t\t\t<div class=\"elementor-element elementor-element-a821cc4 elementor-widget-divider--view-line elementor-widget elementor-widget-divider\" data-id=\"a821cc4\" data-element_type=\"widget\" data-e-type=\"widget\" data-widget_type=\"divider.default\">\n\t\t\t\t<div class=\"elementor-widget-container\">\n\t\t\t\t\t\t\t<div class=\"elementor-divider\">\n\t\t\t<span class=\"elementor-divider-separator\">\n\t\t\t\t\t\t<\/span>\n\t\t<\/div>\n\t\t\t\t\t\t<\/div>\n\t\t\t\t<\/div>\n\t\t\t\t<div class=\"elementor-element elementor-element-635754f elementor-widget elementor-widget-heading\" data-id=\"635754f\" data-element_type=\"widget\" data-e-type=\"widget\" data-widget_type=\"heading.default\">\n\t\t\t\t<div class=\"elementor-widget-container\">\n\t\t\t\t\t<h2 class=\"elementor-heading-title elementor-size-default\">PARA PROPIETARIOS INTERNACIONALES (FUERA DE U.S.A.)<\/h2>\t\t\t\t<\/div>\n\t\t\t\t<\/div>\n\t\t\t\t<div class=\"elementor-element elementor-element-9320bdb elementor-widget elementor-widget-text-editor\" data-id=\"9320bdb\" data-element_type=\"widget\" data-e-type=\"widget\" data-widget_type=\"text-editor.default\">\n\t\t\t\t<div class=\"elementor-widget-container\">\n\t\t\t\t\t\t\t\t\t<p>\u00a0<\/p><p><b>Los propietarios de aviones privados fuera de los Estados Unidos pueden utilizar nuestros servicios para coordinar las operaciones de sus aviones en dicho pa\u00eds.<\/b><\/p>\t\t\t\t\t\t\t\t<\/div>\n\t\t\t\t<\/div>\n\t\t\t\t<div class=\"elementor-element elementor-element-bb5b9b4 elementor-widget elementor-widget-text-editor\" data-id=\"bb5b9b4\" data-element_type=\"widget\" data-e-type=\"widget\" data-widget_type=\"text-editor.default\">\n\t\t\t\t<div class=\"elementor-widget-container\">\n\t\t\t\t\t\t\t\t\tTenemos estrechas relaciones con firmas de abogados especializadas en la preparaci\u00f3n de <span style=\"color: #c49f1c;font-weight:bold;\"> adquisiciones y ventas de aeronaves desde y hacia a los Estados Unidos<\/span>, as\u00ed como su <span style=\"color: #c49f1c;font-weight:bold;\">legalizaci\u00f3n y operaci\u00f3n en el pa\u00eds.<\/span> .\t\t\t\t\t\t\t\t<\/div>\n\t\t\t\t<\/div>\n\t\t\t\t<div class=\"elementor-element elementor-element-fcec59e elementor-widget elementor-widget-text-editor\" data-id=\"fcec59e\" data-element_type=\"widget\" data-e-type=\"widget\" data-widget_type=\"text-editor.default\">\n\t\t\t\t<div class=\"elementor-widget-container\">\n\t\t\t\t\t\t\t\t\tMuchas de los <span style=\"color: #c49f1c;font-weight:bold;\"> trabajos de mantenimiento de jets privados propiedad de clientes internacionales tienen lugar en los Estados Unidos<\/span>, ya sea en las propias instalaciones del fabricante o en centros se servicio especializados. Negociamos los t\u00e9rminos m\u00e1s favorables para cada evento de mantenimiento y, sobre petici\u00f3n, podemos supervisar el progreso in situ.\t\t\t\t\t\t\t\t<\/div>\n\t\t\t\t<\/div>\n\t\t\t\t<div class=\"elementor-element elementor-element-9ca7aeb elementor-widget elementor-widget-text-editor\" data-id=\"9ca7aeb\" data-element_type=\"widget\" data-e-type=\"widget\" data-widget_type=\"text-editor.default\">\n\t\t\t\t<div class=\"elementor-widget-container\">\n\t\t\t\t\t\t\t\t\tCoordinamos la puesta en pr\u00e1ctica de la <span style=\"color: #c49f1c;font-weight:bold;\"> estructura operativa y de apoyo local para las tripulaciones internacionales<\/span> que puedan necesitar una base de operaciones y vivienda en los Estados Unidos.\t\t\t\t\t\t\t\t<\/div>\n\t\t\t\t<\/div>\n\t\t\t\t\t<\/div>\n\t\t<\/div>\n\t\t\t\t\t<\/div>\n\t\t<\/section>\n\t\t\t\t<\/div>\n\t\t","protected":false},"excerpt":{"rendered":"<p>PARA PROPIETARIOS INTERNACIONALES (FUERA DE U.S.A.) \u00a0 Los propietarios de aviones privados fuera de los Estados Unidos pueden utilizar nuestros servicios para coordinar las operaciones de sus aviones en dicho pa\u00eds. Tenemos estrechas relaciones con firmas de abogados especializadas en la preparaci\u00f3n de adquisiciones y ventas de aeronaves desde y hacia a los Estados Unidos, [&hellip;]<\/p>\n","protected":false},"author":1,"featured_media":0,"parent":0,"menu_order":0,"comment_status":"closed","ping_status":"closed","template":"","meta":{"site-sidebar-layout":"no-sidebar","site-content-layout":"page-builder","ast-site-content-layout":"default","site-content-style":"default","site-sidebar-style":"default","ast-global-header-display":"","ast-banner-title-visibility":"","ast-main-header-display":"","ast-hfb-above-header-display":"","ast-hfb-below-header-display":"","ast-hfb-mobile-header-display":"","site-post-title":"disabled","ast-breadcrumbs-content":"","ast-featured-img":"disabled","footer-sml-layout":"","ast-disable-related-posts":"","theme-transparent-header-meta":"default","adv-header-id-meta":"","stick-header-meta":"default","header-above-stick-meta":"","header-main-stick-meta":"","header-below-stick-meta":"","astra-migrate-meta-layouts":"default","ast-page-background-enabled":"default","ast-page-background-meta":{"desktop":{"background-color":"","background-image":"","background-repeat":"repeat","background-position":"center center","background-size":"auto","background-attachment":"scroll","background-type":"","background-media":"","overlay-type":"","overlay-color":"","overlay-opacity":"","overlay-gradient":""},"tablet":{"background-color":"","background-image":"","background-repeat":"repeat","background-position":"center center","background-size":"auto","background-attachment":"scroll","background-type":"","background-media":"","overlay-type":"","overlay-color":"","overlay-opacity":"","overlay-gradient":""},"mobile":{"background-color":"","background-image":"","background-repeat":"repeat","background-position":"center center","background-size":"auto","background-attachment":"scroll","background-type":"","background-media":"","overlay-type":"","overlay-color":"","overlay-opacity":"","overlay-gradient":""}},"ast-content-background-meta":{"desktop":{"background-color":"var(--ast-global-color-5)","background-image":"","background-repeat":"repeat","background-position":"center center","background-size":"auto","background-attachment":"scroll","background-type":"","background-media":"","overlay-type":"","overlay-color":"","overlay-opacity":"","overlay-gradient":""},"tablet":{"background-color":"var(--ast-global-color-5)","background-image":"","background-repeat":"repeat","background-position":"center center","background-size":"auto","background-attachment":"scroll","background-type":"","background-media":"","overlay-type":"","overlay-color":"","overlay-opacity":"","overlay-gradient":""},"mobile":{"background-color":"var(--ast-global-color-5)","background-image":"","background-repeat":"repeat","background-position":"center center","background-size":"auto","background-attachment":"scroll","background-type":"","background-media":"","overlay-type":"","overlay-color":"","overlay-opacity":"","overlay-gradient":""}},"footnotes":""},"class_list":["post-130","page","type-page","status-publish","hentry"],"_links":{"self":[{"href":"https:\/\/privateaviationconsulting.com\/es\/wp-json\/wp\/v2\/pages\/130\/"}],"collection":[{"href":"https:\/\/privateaviationconsulting.com\/es\/wp-json\/wp\/v2\/pages\/"}],"about":[{"href":"https:\/\/privateaviationconsulting.com\/es\/wp-json\/wp\/v2\/types\/page\/"}],"author":[{"embeddable":true,"href":"https:\/\/privateaviationconsulting.com\/es\/wp-json\/wp\/v2\/users\/1\/"}],"replies":[{"embeddable":true,"href":"https:\/\/privateaviationconsulting.com\/es\/wp-json\/wp\/v2\/comments\/?post=130"}],"version-history":[{"count":0,"href":"https:\/\/privateaviationconsulting.com\/es\/wp-json\/wp\/v2\/pages\/130\/revisions\/"}],"wp:attachment":[{"href":"https:\/\/privateaviationconsulting.com\/es\/wp-json\/wp\/v2\/media\/?parent=130"}],"curies":[{"name":"wp","href":"https:\/\/api.w.org\/{rel}","templated":true}]}}