{"id":10,"date":"2019-03-02T06:20:50","date_gmt":"2019-03-02T06:20:50","guid":{"rendered":"http:\/\/privateaviationconsulting.com\/?page_id=10"},"modified":"2019-10-16T17:30:01","modified_gmt":"2019-10-16T21:30:01","slug":"inicio","status":"publish","type":"page","link":"https:\/\/privateaviationconsulting.com\/es\/","title":{"rendered":"INICIO"},"content":{"rendered":"\t\t<div data-elementor-type=\"wp-post\" data-elementor-id=\"10\" class=\"elementor elementor-10 elementor-bc-flex-widget\">\n\t\t\t\t\t\t<section class=\"elementor-section elementor-top-section elementor-element elementor-element-945b802 elementor-section-boxed elementor-section-height-default elementor-section-height-default\" data-id=\"945b802\" data-element_type=\"section\" data-e-type=\"section\">\n\t\t\t\t\t\t<div class=\"elementor-container elementor-column-gap-default\">\n\t\t\t\t\t<div class=\"elementor-column elementor-col-100 elementor-top-column elementor-element elementor-element-f5c39fb\" data-id=\"f5c39fb\" data-element_type=\"column\" data-e-type=\"column\">\n\t\t\t<div class=\"elementor-widget-wrap elementor-element-populated\">\n\t\t\t\t\t\t<div class=\"elementor-element elementor-element-380b5eb elementor-widget elementor-widget-video\" data-id=\"380b5eb\" data-element_type=\"widget\" data-e-type=\"widget\" data-settings=\"{&quot;autoplay&quot;:&quot;yes&quot;,&quot;loop&quot;:&quot;yes&quot;,&quot;video_type&quot;:&quot;hosted&quot;,&quot;mute&quot;:&quot;yes&quot;}\" data-widget_type=\"video.default\">\n\t\t\t\t<div class=\"elementor-widget-container\">\n\t\t\t\t\t\t\t<div class=\"e-hosted-video elementor-wrapper elementor-open-inline\">\n\t\t\t\t\t<video class=\"elementor-video\" src=\"http:\/\/privateaviationconsulting.com\/wp-content\/uploads\/2019\/03\/Private-Jet-Landing.mp4\" autoplay=\"\" loop=\"\" muted=\"muted\" controlsList=\"nodownload\"><\/video>\n\t\t\t\t<\/div>\n\t\t\t\t\t\t<\/div>\n\t\t\t\t<\/div>\n\t\t\t\t\t<\/div>\n\t\t<\/div>\n\t\t\t\t\t<\/div>\n\t\t<\/section>\n\t\t\t\t<section class=\"elementor-section elementor-top-section elementor-element elementor-element-7eba0b9 elementor-section-stretched elementor-section-boxed elementor-section-height-default elementor-section-height-default\" data-id=\"7eba0b9\" data-element_type=\"section\" data-e-type=\"section\" data-settings=\"{&quot;stretch_section&quot;:&quot;section-stretched&quot;}\">\n\t\t\t\t\t\t<div class=\"elementor-container elementor-column-gap-default\">\n\t\t\t\t\t<div class=\"elementor-column elementor-col-100 elementor-top-column elementor-element elementor-element-a9ff230\" data-id=\"a9ff230\" data-element_type=\"column\" data-e-type=\"column\">\n\t\t\t<div class=\"elementor-widget-wrap elementor-element-populated\">\n\t\t\t\t\t\t<div class=\"elementor-element elementor-element-fc56b92 elementor-widget-divider--view-line elementor-widget elementor-widget-divider\" data-id=\"fc56b92\" data-element_type=\"widget\" data-e-type=\"widget\" data-widget_type=\"divider.default\">\n\t\t\t\t<div class=\"elementor-widget-container\">\n\t\t\t\t\t\t\t<div class=\"elementor-divider\">\n\t\t\t<span class=\"elementor-divider-separator\">\n\t\t\t\t\t\t<\/span>\n\t\t<\/div>\n\t\t\t\t\t\t<\/div>\n\t\t\t\t<\/div>\n\t\t\t\t<div class=\"elementor-element elementor-element-b527543 elementor-widget elementor-widget-heading\" data-id=\"b527543\" data-element_type=\"widget\" data-e-type=\"widget\" data-widget_type=\"heading.default\">\n\t\t\t\t<div class=\"elementor-widget-container\">\n\t\t\t\t\t<h2 class=\"elementor-heading-title elementor-size-default\">SERVICIOS DE ADMINISTRACI\u00d3N Y ASISTENCIA DE JETS PRIVADOS<\/h2>\t\t\t\t<\/div>\n\t\t\t\t<\/div>\n\t\t\t\t<div class=\"elementor-element elementor-element-121be86 elementor-widget elementor-widget-text-editor\" data-id=\"121be86\" data-element_type=\"widget\" data-e-type=\"widget\" data-widget_type=\"text-editor.default\">\n\t\t\t\t<div class=\"elementor-widget-container\">\n\t\t\t\t\t\t\t\t\tSomos una empresa <span style=\"color: #c49f1c;font-weight:bold;\"> independiente de asesor\u00eda a propietarios de aviones privados<\/span>. Actuamos como representantes del<span style=\"color: #c49f1c;font-weight:bold;\"> propietario de forma que nuestros<\/span> clientes puedan disfrutar placenteramente de su avi\u00f3n sin las inquietudes y engorros que provocan las pesadas tareas operativas y administrativas.\t\t\t\t\t\t\t\t<\/div>\n\t\t\t\t<\/div>\n\t\t\t\t<div class=\"elementor-element elementor-element-718c59e elementor-widget elementor-widget-text-editor\" data-id=\"718c59e\" data-element_type=\"widget\" data-e-type=\"widget\" data-widget_type=\"text-editor.default\">\n\t\t\t\t<div class=\"elementor-widget-container\">\n\t\t\t\t\t\t\t\t\t<p>Asesoramos a nuestros clientes en todos los aspectos relacionados con la tenencia de un avi\u00f3n privado. Les orientamos acerca de las decisiones relacionadas con el pa\u00eds de matriculaci\u00f3n, con la selecci\u00f3n de la tripulaci\u00f3n ideal y llevamos a cabo todas las labores administrativas. <span style=\"color: #c49f1c; font-weight: bold;\">Ajustamos nuestras prestaciones a las necesidades de cada propietario<\/span>. Nuestros clientes pueden elegir entre una soluci\u00f3n \u201cllave en mano\u201d para la completa operaci\u00f3n de su avi\u00f3n o utilizar cualquiera de nuestros servicios individualmente.<\/p>\t\t\t\t\t\t\t\t<\/div>\n\t\t\t\t<\/div>\n\t\t\t\t<div class=\"elementor-element elementor-element-139f3b5 elementor-widget elementor-widget-text-editor\" data-id=\"139f3b5\" data-element_type=\"widget\" data-e-type=\"widget\" data-widget_type=\"text-editor.default\">\n\t\t\t\t<div class=\"elementor-widget-container\">\n\t\t\t\t\t\t\t\t\t<p>Bajo petici\u00f3n, tambi\u00e9n ofrecemos <span style=\"color: #c49f1c; font-weight: bold;\">servicios exclusivos de viaje a los que suelen estar<\/span> habituados los titulares de jets privados, desde una vacaci\u00f3n excepcional en cualquier parte del mundo con acceso a espacios y experiencias inaccesibles al p\u00fablico en general a un fin de semana rom\u00e1ntico en un lugar \u00fanico.<\/p>\t\t\t\t\t\t\t\t<\/div>\n\t\t\t\t<\/div>\n\t\t\t\t<div class=\"elementor-element elementor-element-7063e79 elementor-widget elementor-widget-heading\" data-id=\"7063e79\" data-element_type=\"widget\" data-e-type=\"widget\" data-widget_type=\"heading.default\">\n\t\t\t\t<div class=\"elementor-widget-container\">\n\t\t\t\t\t<h2 class=\"elementor-heading-title elementor-size-default\"><b>Dado que nuestro cliente es el propietario del avi\u00f3n privado, nuestros servicios y honorarios son 100% transparentes e imparciales ya que no percibimos compensaci\u00f3n alguna de terceros.<\/b><\/h2>\t\t\t\t<\/div>\n\t\t\t\t<\/div>\n\t\t\t\t<div class=\"elementor-element elementor-element-c9a3e49 elementor-widget elementor-widget-heading\" data-id=\"c9a3e49\" data-element_type=\"widget\" data-e-type=\"widget\" data-widget_type=\"heading.default\">\n\t\t\t\t<div class=\"elementor-widget-container\">\n\t\t\t\t\t<h2 class=\"elementor-heading-title elementor-size-default\">SERVICIOS<\/h2>\t\t\t\t<\/div>\n\t\t\t\t<\/div>\n\t\t\t\t<div class=\"elementor-element elementor-element-0adc081 elementor-widget-divider--view-line elementor-widget elementor-widget-divider\" data-id=\"0adc081\" data-element_type=\"widget\" data-e-type=\"widget\" data-widget_type=\"divider.default\">\n\t\t\t\t<div class=\"elementor-widget-container\">\n\t\t\t\t\t\t\t<div class=\"elementor-divider\">\n\t\t\t<span class=\"elementor-divider-separator\">\n\t\t\t\t\t\t<\/span>\n\t\t<\/div>\n\t\t\t\t\t\t<\/div>\n\t\t\t\t<\/div>\n\t\t\t\t<section class=\"elementor-section elementor-inner-section elementor-element elementor-element-08864ce elementor-section-boxed elementor-section-height-default elementor-section-height-default\" data-id=\"08864ce\" data-element_type=\"section\" data-e-type=\"section\">\n\t\t\t\t\t\t<div class=\"elementor-container elementor-column-gap-default\">\n\t\t\t\t\t<div class=\"elementor-column elementor-col-33 elementor-inner-column elementor-element elementor-element-f02b76a\" data-id=\"f02b76a\" data-element_type=\"column\" data-e-type=\"column\">\n\t\t\t<div class=\"elementor-widget-wrap elementor-element-populated\">\n\t\t\t\t\t\t<div class=\"elementor-element elementor-element-6fd34c3 elementor-widget elementor-widget-image\" data-id=\"6fd34c3\" data-element_type=\"widget\" data-e-type=\"widget\" data-widget_type=\"image.default\">\n\t\t\t\t<div class=\"elementor-widget-container\">\n\t\t\t\t\t\t\t\t\t\t\t\t\t\t\t\t<a href=\"http:\/\/privateaviationconsulting.com\/estudios-de-caso\/estructura-operativa\/?lang=es\">\n\t\t\t\t\t\t\t<img fetchpriority=\"high\" decoding=\"async\" width=\"329\" height=\"329\" src=\"https:\/\/privateaviationconsulting.com\/wp-content\/uploads\/2019\/03\/Private-Jet-Operational-Structure-1.jpg\" class=\"attachment-full size-full wp-image-23\" alt=\"\" srcset=\"https:\/\/privateaviationconsulting.com\/wp-content\/uploads\/2019\/03\/Private-Jet-Operational-Structure-1.jpg 329w, https:\/\/privateaviationconsulting.com\/wp-content\/uploads\/2019\/03\/Private-Jet-Operational-Structure-1-150x150.jpg 150w, https:\/\/privateaviationconsulting.com\/wp-content\/uploads\/2019\/03\/Private-Jet-Operational-Structure-1-300x300.jpg 300w\" sizes=\"(max-width: 329px) 100vw, 329px\" \/>\t\t\t\t\t\t\t\t<\/a>\n\t\t\t\t\t\t\t\t\t\t\t\t\t\t\t<\/div>\n\t\t\t\t<\/div>\n\t\t\t\t<div class=\"elementor-element elementor-element-e618ebc elementor-widget elementor-widget-heading\" data-id=\"e618ebc\" data-element_type=\"widget\" data-e-type=\"widget\" data-widget_type=\"heading.default\">\n\t\t\t\t<div class=\"elementor-widget-container\">\n\t\t\t\t\t<h2 class=\"elementor-heading-title elementor-size-default\"><a href=\"http:\/\/privateaviationconsulting.com\/estudios-de-caso\/estructura-operativa\/?lang=es\">Estructura Operativa &amp; Operaciones<\/a><\/h2>\t\t\t\t<\/div>\n\t\t\t\t<\/div>\n\t\t\t\t\t<\/div>\n\t\t<\/div>\n\t\t\t\t<div class=\"elementor-column elementor-col-33 elementor-inner-column elementor-element elementor-element-99c6b23\" data-id=\"99c6b23\" data-element_type=\"column\" data-e-type=\"column\">\n\t\t\t<div class=\"elementor-widget-wrap elementor-element-populated\">\n\t\t\t\t\t\t<div class=\"elementor-element elementor-element-176e9e4 elementor-widget elementor-widget-image\" data-id=\"176e9e4\" data-element_type=\"widget\" data-e-type=\"widget\" data-widget_type=\"image.default\">\n\t\t\t\t<div class=\"elementor-widget-container\">\n\t\t\t\t\t\t\t\t\t\t\t\t\t\t\t\t<a href=\"http:\/\/privateaviationconsulting.com\/estudios-de-caso\/administracion-e-informes\/?lang=es\">\n\t\t\t\t\t\t\t<img decoding=\"async\" width=\"329\" height=\"329\" src=\"https:\/\/privateaviationconsulting.com\/wp-content\/uploads\/2019\/03\/Private-Jet-Administration-1.jpg\" class=\"attachment-full size-full wp-image-15\" alt=\"\" srcset=\"https:\/\/privateaviationconsulting.com\/wp-content\/uploads\/2019\/03\/Private-Jet-Administration-1.jpg 329w, https:\/\/privateaviationconsulting.com\/wp-content\/uploads\/2019\/03\/Private-Jet-Administration-1-150x150.jpg 150w, https:\/\/privateaviationconsulting.com\/wp-content\/uploads\/2019\/03\/Private-Jet-Administration-1-300x300.jpg 300w\" sizes=\"(max-width: 329px) 100vw, 329px\" \/>\t\t\t\t\t\t\t\t<\/a>\n\t\t\t\t\t\t\t\t\t\t\t\t\t\t\t<\/div>\n\t\t\t\t<\/div>\n\t\t\t\t<div class=\"elementor-element elementor-element-9e424e5 elementor-widget elementor-widget-heading\" data-id=\"9e424e5\" data-element_type=\"widget\" data-e-type=\"widget\" data-widget_type=\"heading.default\">\n\t\t\t\t<div class=\"elementor-widget-container\">\n\t\t\t\t\t<h2 class=\"elementor-heading-title elementor-size-default\"><a href=\"http:\/\/privateaviationconsulting.com\/estudios-de-caso\/administracion-e-informes\/?lang=es\">Administraci\u00f3n E Informes<\/a><\/h2>\t\t\t\t<\/div>\n\t\t\t\t<\/div>\n\t\t\t\t\t<\/div>\n\t\t<\/div>\n\t\t\t\t<div class=\"elementor-column elementor-col-33 elementor-inner-column elementor-element elementor-element-a740c72\" data-id=\"a740c72\" data-element_type=\"column\" data-e-type=\"column\">\n\t\t\t<div class=\"elementor-widget-wrap elementor-element-populated\">\n\t\t\t\t\t\t<div class=\"elementor-element elementor-element-324b506 elementor-widget elementor-widget-image\" data-id=\"324b506\" data-element_type=\"widget\" data-e-type=\"widget\" data-widget_type=\"image.default\">\n\t\t\t\t<div class=\"elementor-widget-container\">\n\t\t\t\t\t\t\t\t\t\t\t\t\t\t\t\t<a href=\"http:\/\/privateaviationconsulting.com\/estudios-de-caso\/supervision-de-gastos-y-operaciones\/?lang=es\">\n\t\t\t\t\t\t\t<img decoding=\"async\" width=\"329\" height=\"329\" src=\"https:\/\/privateaviationconsulting.com\/wp-content\/uploads\/2019\/03\/Private-Jet-Expense-Management-1-1.jpg\" class=\"attachment-full size-full wp-image-19\" alt=\"\" srcset=\"https:\/\/privateaviationconsulting.com\/wp-content\/uploads\/2019\/03\/Private-Jet-Expense-Management-1-1.jpg 329w, https:\/\/privateaviationconsulting.com\/wp-content\/uploads\/2019\/03\/Private-Jet-Expense-Management-1-1-150x150.jpg 150w, https:\/\/privateaviationconsulting.com\/wp-content\/uploads\/2019\/03\/Private-Jet-Expense-Management-1-1-300x300.jpg 300w\" sizes=\"(max-width: 329px) 100vw, 329px\" \/>\t\t\t\t\t\t\t\t<\/a>\n\t\t\t\t\t\t\t\t\t\t\t\t\t\t\t<\/div>\n\t\t\t\t<\/div>\n\t\t\t\t<div class=\"elementor-element elementor-element-128d6a2 elementor-widget elementor-widget-heading\" data-id=\"128d6a2\" data-element_type=\"widget\" data-e-type=\"widget\" data-widget_type=\"heading.default\">\n\t\t\t\t<div class=\"elementor-widget-container\">\n\t\t\t\t\t<h2 class=\"elementor-heading-title elementor-size-default\"><a href=\"http:\/\/privateaviationconsulting.com\/estudios-de-caso\/supervision-de-gastos-y-operaciones\/?lang=es\">Supervisi\u00f3n De Gastos Y Operaciones<\/a><\/h2>\t\t\t\t<\/div>\n\t\t\t\t<\/div>\n\t\t\t\t\t<\/div>\n\t\t<\/div>\n\t\t\t\t\t<\/div>\n\t\t<\/section>\n\t\t\t\t<section class=\"elementor-section elementor-inner-section elementor-element elementor-element-cdd5dc1 elementor-section-boxed elementor-section-height-default elementor-section-height-default\" data-id=\"cdd5dc1\" data-element_type=\"section\" data-e-type=\"section\">\n\t\t\t\t\t\t<div class=\"elementor-container elementor-column-gap-default\">\n\t\t\t\t\t<div class=\"elementor-column elementor-col-33 elementor-inner-column elementor-element elementor-element-cb2cf14\" data-id=\"cb2cf14\" data-element_type=\"column\" data-e-type=\"column\">\n\t\t\t<div class=\"elementor-widget-wrap elementor-element-populated\">\n\t\t\t\t\t\t<div class=\"elementor-element elementor-element-0af9ebd elementor-widget elementor-widget-image\" data-id=\"0af9ebd\" data-element_type=\"widget\" data-e-type=\"widget\" data-widget_type=\"image.default\">\n\t\t\t\t<div class=\"elementor-widget-container\">\n\t\t\t\t\t\t\t\t\t\t\t\t\t\t\t\t<a href=\"http:\/\/privateaviationconsulting.com\/estudios-de-caso\/servicios-especiales\/?lang=es\">\n\t\t\t\t\t\t\t<img loading=\"lazy\" decoding=\"async\" width=\"329\" height=\"329\" src=\"https:\/\/privateaviationconsulting.com\/wp-content\/uploads\/2019\/03\/Private-Jet-Special-Services-2.jpg\" class=\"attachment-full size-full wp-image-27\" alt=\"\" srcset=\"https:\/\/privateaviationconsulting.com\/wp-content\/uploads\/2019\/03\/Private-Jet-Special-Services-2.jpg 329w, https:\/\/privateaviationconsulting.com\/wp-content\/uploads\/2019\/03\/Private-Jet-Special-Services-2-150x150.jpg 150w, https:\/\/privateaviationconsulting.com\/wp-content\/uploads\/2019\/03\/Private-Jet-Special-Services-2-300x300.jpg 300w\" sizes=\"(max-width: 329px) 100vw, 329px\" \/>\t\t\t\t\t\t\t\t<\/a>\n\t\t\t\t\t\t\t\t\t\t\t\t\t\t\t<\/div>\n\t\t\t\t<\/div>\n\t\t\t\t<div class=\"elementor-element elementor-element-b79758b elementor-widget elementor-widget-heading\" data-id=\"b79758b\" data-element_type=\"widget\" data-e-type=\"widget\" data-widget_type=\"heading.default\">\n\t\t\t\t<div class=\"elementor-widget-container\">\n\t\t\t\t\t<h2 class=\"elementor-heading-title elementor-size-default\"><a href=\"http:\/\/privateaviationconsulting.com\/estudios-de-caso\/servicios-especiales\/?lang=es\">Servicios Especiales<\/a><\/h2>\t\t\t\t<\/div>\n\t\t\t\t<\/div>\n\t\t\t\t\t<\/div>\n\t\t<\/div>\n\t\t\t\t<div class=\"elementor-column elementor-col-33 elementor-inner-column elementor-element elementor-element-8e8a066\" data-id=\"8e8a066\" data-element_type=\"column\" data-e-type=\"column\">\n\t\t\t<div class=\"elementor-widget-wrap elementor-element-populated\">\n\t\t\t\t\t\t<div class=\"elementor-element elementor-element-7c8040a elementor-widget elementor-widget-image\" data-id=\"7c8040a\" data-element_type=\"widget\" data-e-type=\"widget\" data-widget_type=\"image.default\">\n\t\t\t\t<div class=\"elementor-widget-container\">\n\t\t\t\t\t\t\t\t\t\t\t\t\t\t\t\t<a href=\"http:\/\/privateaviationconsulting.com\/estudios-de-caso\/para-propietarios-internacionales\/?lang=es\">\n\t\t\t\t\t\t\t<img loading=\"lazy\" decoding=\"async\" width=\"329\" height=\"329\" src=\"https:\/\/privateaviationconsulting.com\/wp-content\/uploads\/2019\/03\/For-International-Private-Jet-Owners-1.jpg\" class=\"attachment-full size-full wp-image-13\" alt=\"\" srcset=\"https:\/\/privateaviationconsulting.com\/wp-content\/uploads\/2019\/03\/For-International-Private-Jet-Owners-1.jpg 329w, https:\/\/privateaviationconsulting.com\/wp-content\/uploads\/2019\/03\/For-International-Private-Jet-Owners-1-150x150.jpg 150w, https:\/\/privateaviationconsulting.com\/wp-content\/uploads\/2019\/03\/For-International-Private-Jet-Owners-1-300x300.jpg 300w\" sizes=\"(max-width: 329px) 100vw, 329px\" \/>\t\t\t\t\t\t\t\t<\/a>\n\t\t\t\t\t\t\t\t\t\t\t\t\t\t\t<\/div>\n\t\t\t\t<\/div>\n\t\t\t\t<div class=\"elementor-element elementor-element-c21eb8c elementor-widget elementor-widget-heading\" data-id=\"c21eb8c\" data-element_type=\"widget\" data-e-type=\"widget\" data-widget_type=\"heading.default\">\n\t\t\t\t<div class=\"elementor-widget-container\">\n\t\t\t\t\t<h2 class=\"elementor-heading-title elementor-size-default\"><a href=\"http:\/\/privateaviationconsulting.com\/estudios-de-caso\/para-propietarios-internacionales\/?lang=es\">Para Propietarios Internacionales<\/a><\/h2>\t\t\t\t<\/div>\n\t\t\t\t<\/div>\n\t\t\t\t\t<\/div>\n\t\t<\/div>\n\t\t\t\t<div class=\"elementor-column elementor-col-33 elementor-inner-column elementor-element elementor-element-71113ad\" data-id=\"71113ad\" data-element_type=\"column\" data-e-type=\"column\">\n\t\t\t<div class=\"elementor-widget-wrap elementor-element-populated\">\n\t\t\t\t\t\t<div class=\"elementor-element elementor-element-261b7c7 elementor-widget elementor-widget-image\" data-id=\"261b7c7\" data-element_type=\"widget\" data-e-type=\"widget\" data-widget_type=\"image.default\">\n\t\t\t\t<div class=\"elementor-widget-container\">\n\t\t\t\t\t\t\t\t\t\t\t\t\t\t\t\t<a href=\"http:\/\/privateaviationconsulting.com\/estudios-de-caso\/servicios-exclusivos-de-viaje\/?lang=es\">\n\t\t\t\t\t\t\t<img loading=\"lazy\" decoding=\"async\" width=\"329\" height=\"329\" src=\"https:\/\/privateaviationconsulting.com\/wp-content\/uploads\/2019\/03\/Private-Jet-Travel-Arrangements-1-1.jpg\" class=\"attachment-full size-full wp-image-29\" alt=\"\" srcset=\"https:\/\/privateaviationconsulting.com\/wp-content\/uploads\/2019\/03\/Private-Jet-Travel-Arrangements-1-1.jpg 329w, https:\/\/privateaviationconsulting.com\/wp-content\/uploads\/2019\/03\/Private-Jet-Travel-Arrangements-1-1-150x150.jpg 150w, https:\/\/privateaviationconsulting.com\/wp-content\/uploads\/2019\/03\/Private-Jet-Travel-Arrangements-1-1-300x300.jpg 300w\" sizes=\"(max-width: 329px) 100vw, 329px\" \/>\t\t\t\t\t\t\t\t<\/a>\n\t\t\t\t\t\t\t\t\t\t\t\t\t\t\t<\/div>\n\t\t\t\t<\/div>\n\t\t\t\t<div class=\"elementor-element elementor-element-3dfb084 elementor-widget elementor-widget-heading\" data-id=\"3dfb084\" data-element_type=\"widget\" data-e-type=\"widget\" data-widget_type=\"heading.default\">\n\t\t\t\t<div class=\"elementor-widget-container\">\n\t\t\t\t\t<h2 class=\"elementor-heading-title elementor-size-default\"><a href=\"http:\/\/privateaviationconsulting.com\/estudios-de-caso\/servicios-exclusivos-de-viaje\/?lang=es\">Servicios Exclusivos De Viaje<\/a><\/h2>\t\t\t\t<\/div>\n\t\t\t\t<\/div>\n\t\t\t\t\t<\/div>\n\t\t<\/div>\n\t\t\t\t\t<\/div>\n\t\t<\/section>\n\t\t\t\t\t<\/div>\n\t\t<\/div>\n\t\t\t\t\t<\/div>\n\t\t<\/section>\n\t\t\t\t<\/div>\n\t\t","protected":false},"excerpt":{"rendered":"<p>http:\/\/privateaviationconsulting.com\/wp-content\/uploads\/2019\/03\/Private-Jet-Landing.mp4 SERVICIOS DE ADMINISTRACI\u00d3N Y ASISTENCIA DE JETS PRIVADOS Somos una empresa independiente de asesor\u00eda a propietarios de aviones privados. Actuamos como representantes del propietario de forma que nuestros clientes puedan disfrutar placenteramente de su avi\u00f3n sin las inquietudes y engorros que provocan las pesadas tareas operativas y administrativas. Asesoramos a nuestros clientes en todos [&hellip;]<\/p>\n","protected":false},"author":1,"featured_media":0,"parent":0,"menu_order":0,"comment_status":"closed","ping_status":"closed","template":"","meta":{"site-sidebar-layout":"no-sidebar","site-content-layout":"page-builder","ast-site-content-layout":"default","site-content-style":"default","site-sidebar-style":"default","ast-global-header-display":"","ast-banner-title-visibility":"","ast-main-header-display":"","ast-hfb-above-header-display":"","ast-hfb-below-header-display":"","ast-hfb-mobile-header-display":"","site-post-title":"disabled","ast-breadcrumbs-content":"","ast-featured-img":"disabled","footer-sml-layout":"","ast-disable-related-posts":"","theme-transparent-header-meta":"default","adv-header-id-meta":"","stick-header-meta":"default","header-above-stick-meta":"","header-main-stick-meta":"","header-below-stick-meta":"","astra-migrate-meta-layouts":"default","ast-page-background-enabled":"default","ast-page-background-meta":{"desktop":{"background-color":"","background-image":"","background-repeat":"repeat","background-position":"center center","background-size":"auto","background-attachment":"scroll","background-type":"","background-media":"","overlay-type":"","overlay-color":"","overlay-opacity":"","overlay-gradient":""},"tablet":{"background-color":"","background-image":"","background-repeat":"repeat","background-position":"center center","background-size":"auto","background-attachment":"scroll","background-type":"","background-media":"","overlay-type":"","overlay-color":"","overlay-opacity":"","overlay-gradient":""},"mobile":{"background-color":"","background-image":"","background-repeat":"repeat","background-position":"center center","background-size":"auto","background-attachment":"scroll","background-type":"","background-media":"","overlay-type":"","overlay-color":"","overlay-opacity":"","overlay-gradient":""}},"ast-content-background-meta":{"desktop":{"background-color":"var(--ast-global-color-5)","background-image":"","background-repeat":"repeat","background-position":"center center","background-size":"auto","background-attachment":"scroll","background-type":"","background-media":"","overlay-type":"","overlay-color":"","overlay-opacity":"","overlay-gradient":""},"tablet":{"background-color":"var(--ast-global-color-5)","background-image":"","background-repeat":"repeat","background-position":"center center","background-size":"auto","background-attachment":"scroll","background-type":"","background-media":"","overlay-type":"","overlay-color":"","overlay-opacity":"","overlay-gradient":""},"mobile":{"background-color":"var(--ast-global-color-5)","background-image":"","background-repeat":"repeat","background-position":"center center","background-size":"auto","background-attachment":"scroll","background-type":"","background-media":"","overlay-type":"","overlay-color":"","overlay-opacity":"","overlay-gradient":""}},"footnotes":""},"class_list":["post-10","page","type-page","status-publish","hentry"],"_links":{"self":[{"href":"https:\/\/privateaviationconsulting.com\/es\/wp-json\/wp\/v2\/pages\/10\/"}],"collection":[{"href":"https:\/\/privateaviationconsulting.com\/es\/wp-json\/wp\/v2\/pages\/"}],"about":[{"href":"https:\/\/privateaviationconsulting.com\/es\/wp-json\/wp\/v2\/types\/page\/"}],"author":[{"embeddable":true,"href":"https:\/\/privateaviationconsulting.com\/es\/wp-json\/wp\/v2\/users\/1\/"}],"replies":[{"embeddable":true,"href":"https:\/\/privateaviationconsulting.com\/es\/wp-json\/wp\/v2\/comments\/?post=10"}],"version-history":[{"count":0,"href":"https:\/\/privateaviationconsulting.com\/es\/wp-json\/wp\/v2\/pages\/10\/revisions\/"}],"wp:attachment":[{"href":"https:\/\/privateaviationconsulting.com\/es\/wp-json\/wp\/v2\/media\/?parent=10"}],"curies":[{"name":"wp","href":"https:\/\/api.w.org\/{rel}","templated":true}]}}